{"id":3348,"date":"2014-02-04T19:46:10","date_gmt":"2014-02-05T00:46:10","guid":{"rendered":"http:\/\/udesigntheme.com\/demos-for-export\/business\/?page_id=3348"},"modified":"2020-09-07T11:23:22","modified_gmt":"2020-09-07T09:23:22","slug":"chi-siamo","status":"publish","type":"page","link":"https:\/\/desplazamientos-francia.com\/it\/chi-siamo\/","title":{"rendered":"Chi Siamo"},"content":{"rendered":"[vc_row][vc_column css=&#8221;.vc_custom_1519059702486{padding-bottom: 30px !important;}&#8221;][vc_column_text]\n<h2 style=\"margin-bottom: 25px; color: #1aaaba; text-align: center;\">L&#8217;impegno per i nostri clienti. Appassionati del nostro lavoro.<\/h2>\n<h6 style=\"text-align: center;\">Pretium Gesti\u00f3n \u00e8 una impresa costituita nel 2012 a Valenza, specializzata nella gestione dei distacchi dei lavoratori in Francia.<\/h6>\n[\/vc_column_text][vc_row_inner css=&#8221;.vc_custom_1548935771770{margin-top: 30px !important;}&#8221;][vc_column_inner width=&#8221;2\/3&#8243; css=&#8221;.vc_custom_1548935804025{margin-top: 30px !important;}&#8221;][vc_column_text css=&#8221;.vc_custom_1584376455589{margin-bottom: 10px !important;}&#8221;]\n<h4>CHI SIAMO<\/h4>\n[\/vc_column_text][vc_column_text]Pretium Gesti\u00f3n con sede in Valenza, Parigi e Salerno \u00e8 un ufficio specializzato nella consulenza in Diritto del Lavoro, segnatamente nel supporto delle imprese operanti in Spagna e in Italia con interessi nel mercato francese.<\/p>\n<p>Il nostro team, formato da professionisti di lunga esperienza, tende a dare risposte concrete a quelle societ\u00e0 che distaccano lavoratori in Francia.<\/p>\n<p>Solo con l&#8217;impegno e lo sforzo possiamo vedere realizzati i nostri obiettivi. Il tuo business \u00e8 il nostro fine e i successi dei clienti i nostri. Per questo ci impegnamo a troviamo le possibili soluzioni ai problemi che possano insorgere.[\/vc_column_text][\/vc_column_inner][vc_column_inner width=&#8221;1\/3&#8243; css=&#8221;.vc_custom_1591174884269{margin-top: 80px !important;}&#8221;][vc_single_image image=&#8221;5809&#8243; img_size=&#8221;medium&#8221; alignment=&#8221;center&#8221;][\/vc_column_inner][\/vc_row_inner][\/vc_column][\/vc_row][vc_row][vc_column][vc_column_text]\n<h4>DOVE CI TROVIAMO<\/h4>\n[\/vc_column_text][\/vc_column][\/vc_row][vc_row][vc_column width=&#8221;1\/2&#8243;][vc_gmaps link=&#8221;#E-8_JTNDaWZyYW1lJTIwc3JjJTNEJTIyaHR0cHMlM0ElMkYlMkZ3d3cuZ29vZ2xlLmNvbSUyRm1hcHMlMkZlbWJlZCUzRnBiJTNEJTIxMW0xNCUyMTFtOCUyMTFtMyUyMTFkNDkyODIuNTgxOTI4Mjg3ODQlMjEyZC0wLjM2ODQyNCUyMTNkMzkuNDY1NjgzJTIxM20yJTIxMWkxMDI0JTIxMmk3NjglMjE0ZjEzLjElMjEzbTMlMjExbTIlMjExczB4MCUyNTNBMHg3MWI0NzIxY2EzMmM2NDZhJTIxMnNQcmV0aXVtJTJCR2VzdGklMjVDMyUyNUIzbiUyMTVlMCUyMTNtMiUyMTFzZXMlMjEyc2VzJTIxNHYxNTQ4OTM2MDIyNTEyJTIyJTIwd2lkdGglM0QlMjIzNTAlMjIlMjBoZWlnaHQlM0QlMjIzNTAlMjIlMjBmcmFtZWJvcmRlciUzRCUyMjAlMjIlMjBzdHlsZSUzRCUyMmJvcmRlciUzQTAlMjIlMjBhbGxvd2Z1bGxzY3JlZW4lM0UlM0MlMkZpZnJhbWUlM0U=&#8221; title=&#8221;Valencia (Centrale)&#8221;][\/vc_column][vc_column width=&#8221;1\/2&#8243;][vc_gmaps link=&#8221;#E-8_JTNDaWZyYW1lJTIwc3JjJTNEJTIyaHR0cHMlM0ElMkYlMkZ3d3cuZ29vZ2xlLmNvbSUyRm1hcHMlMkZlbWJlZCUzRnBiJTNEJTIxMW0xNCUyMTFtOCUyMTFtMyUyMTFkMzAyNS44MTQ0MTAxNTg5NTM3JTIxMmQxNC43NjM4NTA5OTk5OTk5OTklMjEzZDQwLjY3ODA1OCUyMTNtMiUyMTFpMTAyNCUyMTJpNzY4JTIxNGYxMy4xJTIxM20zJTIxMW0yJTIxMXMweDEzM2JjMjI1NTYwNTU1NTUlMjUzQTB4N2FkOTAzY2RlMGQzMWViOSUyMTJzVmlhJTI1MjBUb3JyZXR0YSUyNTJDJTI1MjA0JTI1MkMlMjUyMDg0MTIyJTI1MjBTYWxlcm5vJTI1MjBTQSUyNTJDJTI1MjBJdGFsaWElMjE1ZTAlMjEzbTIlMjExc2VzJTIxMnNlcyUyMTR2MTU4NDM3NjM3MjExNCUyMTVtMiUyMTFzZXMlMjEyc2VzJTIyJTIwd2lkdGglM0QlMjIzNTAlMjIlMjBoZWlnaHQlM0QlMjIzNTAlMjIlMjBmcmFtZWJvcmRlciUzRCUyMjAlMjIlMjBzdHlsZSUzRCUyMmJvcmRlciUzQTAlM0IlMjIlMjBhbGxvd2Z1bGxzY3JlZW4lM0QlMjIlMjIlMjBhcmlhLWhpZGRlbiUzRCUyMmZhbHNlJTIyJTIwdGFiaW5kZXglM0QlMjIwJTIyJTNFJTNDJTJGaWZyYW1lJTNF&#8221; title=&#8221;Salerno&#8221;][\/vc_column][\/vc_row][vc_row full_width=&#8221;stretch_row&#8221; css=&#8221;.vc_custom_1548941151824{margin-top: -40px !important;margin-bottom: -40px !important;}&#8221;][vc_column css=&#8221;.vc_custom_1548941112915{margin-bottom: -40px !important;}&#8221;]\t\t\t<style type=\"text\/css\">\n\t\t\t\t#content-block-background-1262 { background-image: url(); background-position: center center; background-repeat: repeat-x; background-color: #293037; background-attachment: fixed; background-size: auto; }\n\t\t\t\t#content-block-body-1262 { padding: 100px 0; color: #ffffff; }\n\t\t\t\t.content-block-body { margin-left: auto; margin-right: auto; position: relative; }\n\t\t\t<\/style>\n\t\t\t\t\t\t\t<style type=\"text\/css\">\n\t\t\t\t\t#wrapper-1 { overflow-x: hidden; }\n\t\t\t\t\t#content-block-background-1262 { margin: 0 -10000px; padding: 0 10000px; }\n\t\t\t\t<\/style>\n\t\t\t\n\t\t\t\n\t\t\t<div class=\"clear\"><\/div>\n\t\t\t<div id=\"content-block-background-1262\" class=\"content-block-background \">\n\t\t\t\t<div id=\"content-block-body-1262\" class=\"content-block-body\">\n\t\t\t\t\t<div class=\"clear\"><\/div>\n\t\t\t\t\t\n<div style=\"text-align: center;\">\n<h4 style=\"margin-bottom: 25px;\"><span style=\"font-size: 32px; color: #fff;\"> I nostri<span style=\"color: #1aaaba;\">clienti<\/span> il nostro principale valore.<\/span><\/h4>\n<h5 style=\"margin-bottom: 20px; color: #fff; font-size: 16px;\">La nostra attivit\u00e0 ha avuto inizio rappresentando principalmente imprese del settore dei trasporti, successivamente abbiamo ampliato i rapporti imprenditoriali in altri campi, seguendo piccole e medie imprese di diversi settori.<\/h5>\n<div><a title=\"Testimonios de clientes\" href=\"https:\/\/desplazamientos-francia.com\/it\/referenze-di-clienti\/\"><span style=\"font-size: 16px; font-style: italic;\">Testimonianze dei clienti<\/span><\/a><\/div>\n<\/div>\n\t\t\t\t\t<div class=\"clear\"><\/div>\n\t\t\t\t<\/div>\n\t\t\t<\/div>\n\t\t\t<div class=\"clear\"><\/div>\n\t\t\t[\/vc_column][\/vc_row]\n","protected":false},"excerpt":{"rendered":"<p>[vc_row][vc_column css=&#8221;.vc_custom_1519059702486{padding-bottom: 30px !important;}&#8221;][vc_column_text] L&#8217;impegno per i nostri clienti. Appassionati del nostro lavoro. Pretium Gesti\u00f3n \u00e8 una impresa costituita nel 2012 a Valenza, specializzata nella gestione dei distacchi dei lavoratori in Francia. [\/vc_column_text][vc_row_inner css=&#8221;.vc_custom_1548935771770{margin-top: 30px !important;}&#8221;][vc_column_inner width=&#8221;2\/3&#8243; css=&#8221;.vc_custom_1548935804025{margin-top: 30px !important;}&#8221;][vc_column_text css=&#8221;.vc_custom_1584376455589{margin-bottom: 10px !important;}&#8221;] CHI SIAMO [\/vc_column_text][vc_column_text]Pretium Gesti\u00f3n<\/p>\n","protected":false},"author":2,"featured_media":5809,"parent":0,"menu_order":0,"comment_status":"open","ping_status":"closed","template":"page-FullWidth.php","meta":{"footnotes":""},"yoast_head":"<!-- This site is optimized with the Yoast SEO plugin v22.5 - https:\/\/yoast.com\/wordpress\/plugins\/seo\/ -->\n<title>Chi Siamo | Pretium Gesti\u00f3n<\/title>\n<meta name=\"description\" content=\"Pretium Gesti\u00f3n \u00e8 una impresa costituita nel 2012 a Valenza, specializzata nella gestione dei distacchi dei lavoratori in Francia.\" \/>\n<meta name=\"robots\" content=\"index, follow, max-snippet:-1, max-image-preview:large, max-video-preview:-1\" \/>\n<link rel=\"canonical\" href=\"https:\/\/desplazamientos-francia.com\/it\/chi-siamo\/\" \/>\n<meta property=\"og:locale\" content=\"it_IT\" \/>\n<meta property=\"og:type\" content=\"article\" \/>\n<meta property=\"og:title\" content=\"Chi Siamo | Pretium Gesti\u00f3n\" \/>\n<meta property=\"og:description\" content=\"Pretium Gesti\u00f3n \u00e8 una impresa costituita nel 2012 a Valenza, specializzata nella gestione dei distacchi dei lavoratori in Francia.\" \/>\n<meta property=\"og:url\" content=\"https:\/\/desplazamientos-francia.com\/it\/chi-siamo\/\" \/>\n<meta property=\"og:site_name\" content=\"Distacco temporaneo di lavoratori in Francia\" \/>\n<meta property=\"article:publisher\" content=\"https:\/\/www.facebook.com\/pretiumgestion\" \/>\n<meta property=\"article:modified_time\" content=\"2020-09-07T09:23:22+00:00\" \/>\n<meta property=\"og:image\" content=\"https:\/\/i2.wp.com\/desplazamientos-francia.com\/it\/wp-content\/uploads\/2019\/01\/pretium-gestion-logo-avatar.png?fit=220%2C251&ssl=1\" \/>\n\t<meta property=\"og:image:width\" content=\"220\" \/>\n\t<meta property=\"og:image:height\" content=\"251\" \/>\n\t<meta property=\"og:image:type\" content=\"image\/png\" \/>\n<meta name=\"twitter:card\" content=\"summary_large_image\" \/>\n<meta name=\"twitter:site\" content=\"@PretiumGestion\" \/>\n<meta name=\"twitter:label1\" content=\"Tempo di lettura stimato\" \/>\n\t<meta name=\"twitter:data1\" content=\"2 minuti\" \/>\n<script type=\"application\/ld+json\" class=\"yoast-schema-graph\">{\"@context\":\"https:\/\/schema.org\",\"@graph\":[{\"@type\":\"WebPage\",\"@id\":\"https:\/\/desplazamientos-francia.com\/it\/chi-siamo\/\",\"url\":\"https:\/\/desplazamientos-francia.com\/it\/chi-siamo\/\",\"name\":\"Chi Siamo | Pretium Gesti\u00f3n\",\"isPartOf\":{\"@id\":\"https:\/\/desplazamientos-francia.com\/it\/#website\"},\"primaryImageOfPage\":{\"@id\":\"https:\/\/desplazamientos-francia.com\/it\/chi-siamo\/#primaryimage\"},\"image\":{\"@id\":\"https:\/\/desplazamientos-francia.com\/it\/chi-siamo\/#primaryimage\"},\"thumbnailUrl\":\"https:\/\/i0.wp.com\/desplazamientos-francia.com\/it\/wp-content\/uploads\/2019\/01\/pretium-gestion-logo-avatar.png?fit=220%2C251&ssl=1\",\"datePublished\":\"2014-02-05T00:46:10+00:00\",\"dateModified\":\"2020-09-07T09:23:22+00:00\",\"description\":\"Pretium Gesti\u00f3n \u00e8 una impresa costituita nel 2012 a Valenza, specializzata nella gestione dei distacchi dei lavoratori in Francia.\",\"breadcrumb\":{\"@id\":\"https:\/\/desplazamientos-francia.com\/it\/chi-siamo\/#breadcrumb\"},\"inLanguage\":\"it-IT\",\"potentialAction\":[{\"@type\":\"ReadAction\",\"target\":[\"https:\/\/desplazamientos-francia.com\/it\/chi-siamo\/\"]}]},{\"@type\":\"ImageObject\",\"inLanguage\":\"it-IT\",\"@id\":\"https:\/\/desplazamientos-francia.com\/it\/chi-siamo\/#primaryimage\",\"url\":\"https:\/\/i0.wp.com\/desplazamientos-francia.com\/it\/wp-content\/uploads\/2019\/01\/pretium-gestion-logo-avatar.png?fit=220%2C251&ssl=1\",\"contentUrl\":\"https:\/\/i0.wp.com\/desplazamientos-francia.com\/it\/wp-content\/uploads\/2019\/01\/pretium-gestion-logo-avatar.png?fit=220%2C251&ssl=1\",\"width\":220,\"height\":251},{\"@type\":\"BreadcrumbList\",\"@id\":\"https:\/\/desplazamientos-francia.com\/it\/chi-siamo\/#breadcrumb\",\"itemListElement\":[{\"@type\":\"ListItem\",\"position\":1,\"name\":\"Portada\",\"item\":\"https:\/\/desplazamientos-francia.com\/it\/\"},{\"@type\":\"ListItem\",\"position\":2,\"name\":\"Chi Siamo\"}]},{\"@type\":\"WebSite\",\"@id\":\"https:\/\/desplazamientos-francia.com\/it\/#website\",\"url\":\"https:\/\/desplazamientos-francia.com\/it\/\",\"name\":\"Desplazamiento temporal de trabajadores a Francia\",\"description\":\"\",\"publisher\":{\"@id\":\"https:\/\/desplazamientos-francia.com\/it\/#organization\"},\"potentialAction\":[{\"@type\":\"SearchAction\",\"target\":{\"@type\":\"EntryPoint\",\"urlTemplate\":\"https:\/\/desplazamientos-francia.com\/it\/?s={search_term_string}\"},\"query-input\":\"required name=search_term_string\"}],\"inLanguage\":\"it-IT\"},{\"@type\":\"Organization\",\"@id\":\"https:\/\/desplazamientos-francia.com\/it\/#organization\",\"name\":\"Pretium Gesti\u00f3n\",\"url\":\"https:\/\/desplazamientos-francia.com\/it\/\",\"logo\":{\"@type\":\"ImageObject\",\"inLanguage\":\"it-IT\",\"@id\":\"https:\/\/desplazamientos-francia.com\/it\/#\/schema\/logo\/image\/\",\"url\":\"https:\/\/i1.wp.com\/desplazamientos-francia.com\/it\/wp-content\/uploads\/2019\/01\/pretium-gestion-logo-200px.png?fit=200%2C73&ssl=1\",\"contentUrl\":\"https:\/\/i1.wp.com\/desplazamientos-francia.com\/it\/wp-content\/uploads\/2019\/01\/pretium-gestion-logo-200px.png?fit=200%2C73&ssl=1\",\"width\":200,\"height\":73,\"caption\":\"Pretium Gesti\u00f3n\"},\"image\":{\"@id\":\"https:\/\/desplazamientos-francia.com\/it\/#\/schema\/logo\/image\/\"},\"sameAs\":[\"https:\/\/www.facebook.com\/pretiumgestion\",\"https:\/\/x.com\/PretiumGestion\",\"https:\/\/www.instagram.com\/pretiumgestion\/\",\"https:\/\/www.linkedin.com\/company\/pretium-gestion\"]}]}<\/script>\n<!-- \/ Yoast SEO plugin. -->","yoast_head_json":{"title":"Chi Siamo | Pretium Gesti\u00f3n","description":"Pretium Gesti\u00f3n \u00e8 una impresa costituita nel 2012 a Valenza, specializzata nella gestione dei distacchi dei lavoratori in Francia.","robots":{"index":"index","follow":"follow","max-snippet":"max-snippet:-1","max-image-preview":"max-image-preview:large","max-video-preview":"max-video-preview:-1"},"canonical":"https:\/\/desplazamientos-francia.com\/it\/chi-siamo\/","og_locale":"it_IT","og_type":"article","og_title":"Chi Siamo | Pretium Gesti\u00f3n","og_description":"Pretium Gesti\u00f3n \u00e8 una impresa costituita nel 2012 a Valenza, specializzata nella gestione dei distacchi dei lavoratori in Francia.","og_url":"https:\/\/desplazamientos-francia.com\/it\/chi-siamo\/","og_site_name":"Distacco temporaneo di lavoratori in Francia","article_publisher":"https:\/\/www.facebook.com\/pretiumgestion","article_modified_time":"2020-09-07T09:23:22+00:00","og_image":[{"width":220,"height":251,"url":"https:\/\/i2.wp.com\/desplazamientos-francia.com\/it\/wp-content\/uploads\/2019\/01\/pretium-gestion-logo-avatar.png?fit=220%2C251&ssl=1","type":"image\/png"}],"twitter_card":"summary_large_image","twitter_site":"@PretiumGestion","twitter_misc":{"Tempo di lettura stimato":"2 minuti"},"schema":{"@context":"https:\/\/schema.org","@graph":[{"@type":"WebPage","@id":"https:\/\/desplazamientos-francia.com\/it\/chi-siamo\/","url":"https:\/\/desplazamientos-francia.com\/it\/chi-siamo\/","name":"Chi Siamo | Pretium Gesti\u00f3n","isPartOf":{"@id":"https:\/\/desplazamientos-francia.com\/it\/#website"},"primaryImageOfPage":{"@id":"https:\/\/desplazamientos-francia.com\/it\/chi-siamo\/#primaryimage"},"image":{"@id":"https:\/\/desplazamientos-francia.com\/it\/chi-siamo\/#primaryimage"},"thumbnailUrl":"https:\/\/i0.wp.com\/desplazamientos-francia.com\/it\/wp-content\/uploads\/2019\/01\/pretium-gestion-logo-avatar.png?fit=220%2C251&ssl=1","datePublished":"2014-02-05T00:46:10+00:00","dateModified":"2020-09-07T09:23:22+00:00","description":"Pretium Gesti\u00f3n \u00e8 una impresa costituita nel 2012 a Valenza, specializzata nella gestione dei distacchi dei lavoratori in Francia.","breadcrumb":{"@id":"https:\/\/desplazamientos-francia.com\/it\/chi-siamo\/#breadcrumb"},"inLanguage":"it-IT","potentialAction":[{"@type":"ReadAction","target":["https:\/\/desplazamientos-francia.com\/it\/chi-siamo\/"]}]},{"@type":"ImageObject","inLanguage":"it-IT","@id":"https:\/\/desplazamientos-francia.com\/it\/chi-siamo\/#primaryimage","url":"https:\/\/i0.wp.com\/desplazamientos-francia.com\/it\/wp-content\/uploads\/2019\/01\/pretium-gestion-logo-avatar.png?fit=220%2C251&ssl=1","contentUrl":"https:\/\/i0.wp.com\/desplazamientos-francia.com\/it\/wp-content\/uploads\/2019\/01\/pretium-gestion-logo-avatar.png?fit=220%2C251&ssl=1","width":220,"height":251},{"@type":"BreadcrumbList","@id":"https:\/\/desplazamientos-francia.com\/it\/chi-siamo\/#breadcrumb","itemListElement":[{"@type":"ListItem","position":1,"name":"Portada","item":"https:\/\/desplazamientos-francia.com\/it\/"},{"@type":"ListItem","position":2,"name":"Chi Siamo"}]},{"@type":"WebSite","@id":"https:\/\/desplazamientos-francia.com\/it\/#website","url":"https:\/\/desplazamientos-francia.com\/it\/","name":"Desplazamiento temporal de trabajadores a Francia","description":"","publisher":{"@id":"https:\/\/desplazamientos-francia.com\/it\/#organization"},"potentialAction":[{"@type":"SearchAction","target":{"@type":"EntryPoint","urlTemplate":"https:\/\/desplazamientos-francia.com\/it\/?s={search_term_string}"},"query-input":"required name=search_term_string"}],"inLanguage":"it-IT"},{"@type":"Organization","@id":"https:\/\/desplazamientos-francia.com\/it\/#organization","name":"Pretium Gesti\u00f3n","url":"https:\/\/desplazamientos-francia.com\/it\/","logo":{"@type":"ImageObject","inLanguage":"it-IT","@id":"https:\/\/desplazamientos-francia.com\/it\/#\/schema\/logo\/image\/","url":"https:\/\/i1.wp.com\/desplazamientos-francia.com\/it\/wp-content\/uploads\/2019\/01\/pretium-gestion-logo-200px.png?fit=200%2C73&ssl=1","contentUrl":"https:\/\/i1.wp.com\/desplazamientos-francia.com\/it\/wp-content\/uploads\/2019\/01\/pretium-gestion-logo-200px.png?fit=200%2C73&ssl=1","width":200,"height":73,"caption":"Pretium Gesti\u00f3n"},"image":{"@id":"https:\/\/desplazamientos-francia.com\/it\/#\/schema\/logo\/image\/"},"sameAs":["https:\/\/www.facebook.com\/pretiumgestion","https:\/\/x.com\/PretiumGestion","https:\/\/www.instagram.com\/pretiumgestion\/","https:\/\/www.linkedin.com\/company\/pretium-gestion"]}]}},"jetpack_sharing_enabled":true,"jetpack_shortlink":"https:\/\/wp.me\/PbNi1e-S0","jetpack_likes_enabled":false,"jetpack-related-posts":[],"_links":{"self":[{"href":"https:\/\/desplazamientos-francia.com\/it\/wp-json\/wp\/v2\/pages\/3348"}],"collection":[{"href":"https:\/\/desplazamientos-francia.com\/it\/wp-json\/wp\/v2\/pages"}],"about":[{"href":"https:\/\/desplazamientos-francia.com\/it\/wp-json\/wp\/v2\/types\/page"}],"author":[{"embeddable":true,"href":"https:\/\/desplazamientos-francia.com\/it\/wp-json\/wp\/v2\/users\/2"}],"replies":[{"embeddable":true,"href":"https:\/\/desplazamientos-francia.com\/it\/wp-json\/wp\/v2\/comments?post=3348"}],"version-history":[{"count":45,"href":"https:\/\/desplazamientos-francia.com\/it\/wp-json\/wp\/v2\/pages\/3348\/revisions"}],"predecessor-version":[{"id":6553,"href":"https:\/\/desplazamientos-francia.com\/it\/wp-json\/wp\/v2\/pages\/3348\/revisions\/6553"}],"wp:featuredmedia":[{"embeddable":true,"href":"https:\/\/desplazamientos-francia.com\/it\/wp-json\/wp\/v2\/media\/5809"}],"wp:attachment":[{"href":"https:\/\/desplazamientos-francia.com\/it\/wp-json\/wp\/v2\/media?parent=3348"}],"curies":[{"name":"wp","href":"https:\/\/api.w.org\/{rel}","templated":true}]}}