{"id":5758,"date":"2019-01-23T12:13:22","date_gmt":"2019-01-23T12:13:22","guid":{"rendered":"https:\/\/desplazamientos-francia.com\/it\/?page_id=5758"},"modified":"2020-03-31T10:06:55","modified_gmt":"2020-03-31T08:06:55","slug":"politica-di-cookies","status":"publish","type":"page","link":"https:\/\/desplazamientos-francia.com\/it\/politica-di-cookies\/","title":{"rendered":"Politica di Cookies"},"content":{"rendered":"<h1 style=\"text-align: center;\">Politica di cookies<\/h1>\n<hr \/>\n<p>I cookies e altre tecnologie di tracciamento, tra le altre finalit\u00e0, ci consentono di ricordare le sue preferenze e riconoscersi nelle visite successive. Ci\u00f2 si ottiene memorizzando alcune informazioni sul computer.<\/p>\n<h2>Che cos&#8217;\u00e8 un cookie?<\/h2>\n<p>Un cookie \u00e8 un dispositivo che viene scaricato sull&#8217;apparecchiatura terminale di un utente al fine di archiviare dati che possono essere aggiornati e recuperati dall&#8217;ente responsabile della sua installazione. I cookies fanno parte del sito Web. Quando si accede al sito Web, il browser crea piccoli file sul suo dispositivo (computer, tablet, telefono, ecc.).<\/p>\n<p>Con le informazioni necessarie per il funzionamento del sito Web. Questi file (che sono i cookie stessi) fanno parte della tecnologia necessaria per il corretto funzionamento del sito Web e non sono intrinsecamente dannosi. I cookies sono installati e memorizzati sul suo dispositivo e ti consentono di tenere traccia delle sue attivit\u00e0 su Internet. Pu\u00f2 disabilitare completamente l&#8217;uso dei cookies nella sezione di configurazione del suo browser. \u00c8 possibile disabilitare i cookies, ma il sito Web o alcune delle sue sezioni potrebbero non funzionare correttamente.<\/p>\n<h2>Che tipo di cookies utilizziamo?<\/h2>\n<p>A seconda dell&#8217;ente che li gestisce, i cookies possono essere:<\/p>\n<p>Cookies propri: sono quelli che vengono inviati all&#8217;apparecchiatura terminale dell&#8217;interessato da un computer o dominio gestito dall&#8217;editore stesso e dal quale viene fornito il servizio richiesto dall&#8217;utente.<br \/>\nCookies di terze parti: sono quelli inviati alle apparecchiature terminali dell&#8217;utente da un computer o dominio non gestito dall&#8217;editore, ma da un&#8217;altra entit\u00e0 che elabora i dati ottenuti tramite i cookies.<br \/>\nIl sito Web utilizza cookies propri e di terze parti.<\/p>\n<p>A seconda del periodo di tempo rimangono attivi:<\/p>\n<p>Cookies di sessione: sono un tipo di cookies progettato per raccogliere e archiviare dati mentre l&#8217;utente accede a una pagina Web. Di solito vengono utilizzati per archiviare informazioni che sono interessanti solo per la fornitura del servizio richiesto dall&#8217;utente in un&#8217;unica occasione (ad esempio un elenco di prodotti acquistati).<br \/>\nCookies persistenti: sono un tipo di cookies in cui i dati sono ancora memorizzati nel terminale e sono accessibili ed elaborati durante un periodo definito dalla persona responsabile del cookies e che pu\u00f2 variare da pochi minuti a diversi anni.<br \/>\nIl sito Web utilizza sia cookies persistenti che cookies di sessione.<\/p>\n<h2>Per quali scopi \u00e8 possibile utilizzare i cookies sul sito Web?<\/h2>\n<p>Cookies tecnici: sono quelli che consentono all&#8217;utente di navigare attraverso una pagina Web, piattaforma o applicazione e utilizzare le diverse opzioni o servizi in essa presenti, come, ad esempio, il controllo del traffico e la comunicazione dei dati, identificando il sessione, accedere a parti di accesso limitato, ricordare gli elementi che compongono un ordine, eseguire il processo di acquisto di un ordine, effettuare la richiesta di registrazione o partecipazione a un evento, utilizzare elementi di sicurezza durante la navigazione, archiviare contenuti per la diffusione di video o suoni o condividere contenuti attraverso i social network.<\/p>\n<p>Cookies di personalizzazione: sono quelli che consentono all&#8217;utente di accedere al servizio con alcune caratteristiche generali predefinite basate su una serie di criteri nel terminale dell&#8217;utente, come la lingua, il tipo di browser attraverso il quale accedono al servizio, la configurazione regionale da cui si accede al servizio, ecc.<\/p>\n<p>Cookies di analisi: sono quelli che consentono alla persona responsabile per loro di monitorare e analizzare il comportamento degli utenti dei siti Web a cui sono collegati. Le informazioni raccolte attraverso questo tipo di cookies vengono utilizzate nella misurazione dell&#8217;attivit\u00e0 dei siti Web, dell&#8217;applicazione o della piattaforma e per l&#8217;elaborazione dei profili di navigazione degli utenti di tali siti, applicazioni e piattaforme, al fine di introdurre miglioramenti in funzione dell&#8217;analisi dei dati di utilizzo effettuata dagli utenti del servizio.<\/p>\n<p>Cookie pubblicitari: sono quelli che consentono la gestione, nel modo pi\u00f9 efficiente possibile, degli spazi pubblicitari che, se del caso, l&#8217;editor ha inserito in una pagina Web, applicazione o piattaforma da cui viene fornito il servizio richiesto in base a criteri come i contenuti modificati o la frequenza con cui vengono visualizzati gli annunci.<\/p>\n<p>Cookie pubblicitari comportamentali: sono quelli che consentono la gestione, nel modo pi\u00f9 efficiente possibile, degli spazi pubblicitari che, se del caso, l&#8217;editore ha inserito in una pagina Web, applicazione o piattaforma da cui viene fornito il servizio richiesto. Questi cookie memorizzano informazioni sul comportamento degli utenti ottenute attraverso l&#8217;osservazione continua delle loro abitudini di navigazione, consentendo lo sviluppo di un profilo specifico per visualizzare la pubblicit\u00e0 basata su di esso. Il sito Web utilizza i cookies per i suddetti scopi. Di seguito una tabella con le informazioni sui cookies utilizzati nel sito Web:<\/p>\n<p>Google Analytics: memorizza i cookies per essere in grado di compilare statistiche sul traffico e il volume delle visite a questo sito Web. Utilizzando questo sito Web, acconsenti al trattamento delle informazioni su di te da parte di Google. Pertanto, l&#8217;esercizio di qualsiasi diritto al riguardo deve essere fatto comunicando direttamente con Google. Visualizza ulteriori informazioni sui tipi di cookies utilizzati da Google.<\/p>\n<p>Social network: ogni social network utilizza i propri cookie in modo da poter fare clic su pulsanti come Mi piace o Condividi. Pertanto, l&#8217;esercizio di qualsiasi diritto al riguardo deve essere fatto comunicando direttamente con Facebook, Twitter, WhatsApp, Telegram e Linkedin.<\/p>\n<p>Doubleclick: PRETIUM GESTI\u00d3N utilizza i cookies di Google DoubleClick per migliorare la propria pubblicit\u00e0. Questi cookies hanno lo scopo di mostrarti annunci personalizzati su altri siti web. Sono comunemente utilizzati per indirizzare gli annunci in base a contenuti pertinenti per l&#8217;utente, migliorare i rapporti sul rendimento della campagna ed evitare di visualizzare annunci che l&#8217;utente ha gi\u00e0 visto. Visualizza ulteriori informazioni sui cookie di DoubleClick.<\/p>\n<p>Zendesk Chat: Zendesk, Inc \u00e8 una societ\u00e0 di software che progetta e crea soluzioni per la comunicazione digitale e lo scambio di informazioni in tempo reale, grazie alle tecnologie web. Tramite la chat resa disponibile agli utenti sul sito web PRETIUM GESTI\u00d3N, gli utenti possono ottenere chiarimenti in tempo reale sui prodotti o servizi offerti e avere un punto di riferimento attendibile. Questo sito Web memorizza informazioni sugli indirizzi IP del dispositivo che l&#8217;utente utilizza per accedere alla chat, il che non consentir\u00e0 di identificare l&#8217;utente poich\u00e9 i suoi dati personali non vengono raccolti. PRETIUM GESTI\u00d3N non ha i mezzi tecnici per mettere in relazione un indirizzo IP con una persona fisica. L&#8217;utente viene informato che se inserisce i propri dati personali durante la conversazione di chat con lo staff di PRETIUM GESTI\u00d3N, questi saranno raccolti e gestiti in modo confidenziale, lasciando il loro il trattamento \u00e8 soggetto all&#8217;Informativa sulla privacy di PRETIUM GESTI\u00d3N, accessibile sul Web www.pretiumgestion.com. Per ulteriori informazioni sul servizio consultare l&#8217;Informativa sulla privacy e i termini e le condizioni accessibili sul Web.<\/p>\n<h2>Quali tecnologie di tracciamento utilizziamo?<\/h2>\n<p>Oltre ai cookies, ci sono altre tecnologie che ci consentono di tracciare la sua navigazione e ottenere informazioni sulla sua attivit\u00e0 sul sito Web.<\/p>\n<p>Altre tecnologie vengono utilizzate per scopi simili ai cookies, come l&#8217;archiviazione locale HTML5, i tag e gli oggetti locali condivisi (LSO). Gli LSO vengono utilizzati dagli autori dei file letti da Adobe\u00ae Flash\u00ae Player e dai siti Web che ospitano questi file (ulteriori informazioni su Flash Player e LSO). Utilizziamo l&#8217;archiviazione locale HTML5, LSO e tecnologie simili per autenticarti, tenere traccia delle informazioni fornite e ricordare le sue preferenze. Quando si utilizza questo tipo di tecnologia, le informazioni possono essere archiviate offline, ad esempio i siti Web visitati sul dispositivo e trasferiti ai nostri server alla successiva connessione online al nostro servizio.<\/p>\n<p><strong>File di registro<\/strong><\/p>\n<p>Ogni volta che accede al nostro sito Web, il suo browser Internet ci trasmette determinati dati di utilizzo per motivi tecnici che sono memorizzati in file di protocollo, noti come file di registro. Questi dati di utilizzo sono i seguenti: data e ora di accesso al nostro sito Web; nome del sito web consultato; Indirizzo IP del tuo computer o dispositivo mobile; indirizzo web da cui hai effettuato l&#8217;accesso al nostro sito Web; volume di dati trasferiti e nome e versione del browser.<\/p>\n<p>L&#8217;analisi dei file di registro ci aiuta a migliorare i nostri prodotti Internet e a semplificare la ricerca, la ricerca e la correzione rapida degli errori e il controllo delle funzionalit\u00e0 del server.<\/p>\n<p><strong>Plugin sociali<\/strong><\/p>\n<p>Un &#8220;plug-in&#8221; o plug-in \u00e8 un&#8217;applicazione (o un programma per computer) che si collega a un altro per aggiungere una nuova funzione e generalmente molto specifica.<\/p>\n<p><strong>Web beacom e script incorporati<\/strong><\/p>\n<p>I web beacom (bug web, web beacon &#8230;) e gli script incorporati sono altre tecnologie che utilizziamo sul sito Web, nonch\u00e9 in alcune delle nostre e-mail e pubblicit\u00e0.<br \/>\nI web beacon (o &#8220;etichette&#8221;) sono frammenti di codice di programmazione che sono inclusi nel sito Web, nelle e-mail e negli annunci per informare PRETIUM GESTI\u00d3N (o le societ\u00e0 che ci aiutano a svolgere le nostre operazioni) che tali pagine web, Email o pubblicit\u00e0 sono state visualizzate o cliccate.<\/p>\n<p>Gli script incorporati sono frammenti di codice di programmazione inclusi nel sito Web per misurare l&#8217;utilizzo di queste pagine Web, ad esempio quali collegamenti vengono cliccati. Utilizziamo queste informazioni per migliorare il sito Web e adattarlo agli argomenti che hanno pi\u00f9 probabilit\u00e0 di interessarti, nonch\u00e9 per condurre ricerche di mercato.<\/p>\n<p>Puoi disabilitare le funzioni di script, come il linguaggio JavaScript, nel suo browser (vedi la guida del tuo browser). Ricorda che se disabiliti completamente le funzionalit\u00e0 di scripting, i siti Web di Adobe potrebbero non funzionare correttamente.<\/p>\n<h2>COME DISATTIVARE I COOKIES?<\/h2>\n<p>Pu\u00f2 configurare il suo browser perch\u00e9 rifiuti tutti i cookies. Tuttavia, alcune funzionalit\u00e0 o servizi sul Web potrebbero non funzionare correttamente senza i cookies. La maggior parte dei browser consente di disabilitare completamente i cookies, in modo da poter scegliere in qualsiasi momento quali cookies si desidera utilizzare su questo sito Web modificando le impostazioni del browser. Pu\u00f2 trovare maggiori informazioni nelle impostazioni del suo browser. Di seguito, forniamo anche collegamenti ai siti Web dei principali browser:<\/p>\n<p><a href=\"https:\/\/support.apple.com\/kb\/PH19214?viewlocale=es_ES&amp;locale=es_ES\">Apple Safari<\/a><\/p>\n<p><a href=\"https:\/\/support.google.com\/chrome\/answer\/95647?hl=es\">Google Chrome<\/a><\/p>\n<p><a href=\"https:\/\/support.microsoft.com\/es-es\/help\/17442\/windows-internet-explorer-delete-manage-cookies\">Microsoft Internet Explorer<\/a><\/p>\n<p><a href=\"https:\/\/support.mozilla.org\/es\/kb\/habilitar-y-deshabilitar-cookies-sitios-web-rastrear-preferencias\">Mozilla Firefox<\/a><\/p>\n","protected":false},"excerpt":{"rendered":"<p>Politica di cookies I cookies e altre tecnologie di tracciamento, tra le altre finalit\u00e0, ci consentono di ricordare le sue preferenze e riconoscersi nelle visite successive. Ci\u00f2 si ottiene memorizzando alcune informazioni sul computer. Che cos&#8217;\u00e8 un cookie? Un cookie \u00e8 un dispositivo che viene scaricato sull&#8217;apparecchiatura<\/p>\n","protected":false},"author":2,"featured_media":0,"parent":0,"menu_order":0,"comment_status":"closed","ping_status":"closed","template":"page-FullWidth.php","meta":{"footnotes":""},"yoast_head":"<!-- This site is optimized with the Yoast SEO plugin v22.5 - https:\/\/yoast.com\/wordpress\/plugins\/seo\/ -->\n<title>Politica di Cookies - Distacco temporaneo di lavoratori in Francia<\/title>\n<meta name=\"robots\" content=\"index, follow, max-snippet:-1, max-image-preview:large, max-video-preview:-1\" \/>\n<link rel=\"canonical\" href=\"https:\/\/desplazamientos-francia.com\/it\/politica-di-cookies\/\" \/>\n<meta property=\"og:locale\" content=\"it_IT\" \/>\n<meta property=\"og:type\" content=\"article\" \/>\n<meta property=\"og:title\" content=\"Politica di Cookies - Distacco temporaneo di lavoratori in Francia\" \/>\n<meta property=\"og:description\" content=\"Politica di cookies I cookies e altre tecnologie di tracciamento, tra le altre finalit\u00e0, ci consentono di ricordare le sue preferenze e riconoscersi nelle visite successive. Ci\u00f2 si ottiene memorizzando alcune informazioni sul computer. Che cos&#8217;\u00e8 un cookie? Un cookie \u00e8 un dispositivo che viene scaricato sull&#8217;apparecchiatura\" \/>\n<meta property=\"og:url\" content=\"https:\/\/desplazamientos-francia.com\/it\/politica-di-cookies\/\" \/>\n<meta property=\"og:site_name\" content=\"Distacco temporaneo di lavoratori in Francia\" \/>\n<meta property=\"article:publisher\" content=\"https:\/\/www.facebook.com\/pretiumgestion\" \/>\n<meta property=\"article:modified_time\" content=\"2020-03-31T08:06:55+00:00\" \/>\n<meta property=\"og:image\" content=\"https:\/\/i0.wp.com\/desplazamientos-francia.com\/it\/wp-content\/uploads\/2019\/01\/pretium-gestion-logo-150px.png?fit=150%2C55&ssl=1\" \/>\n\t<meta property=\"og:image:width\" content=\"150\" \/>\n\t<meta property=\"og:image:height\" content=\"55\" \/>\n\t<meta property=\"og:image:type\" content=\"image\/png\" \/>\n<meta name=\"twitter:card\" content=\"summary_large_image\" \/>\n<meta name=\"twitter:site\" content=\"@PretiumGestion\" \/>\n<meta name=\"twitter:label1\" content=\"Tempo di lettura stimato\" \/>\n\t<meta name=\"twitter:data1\" content=\"8 minuti\" \/>\n<script type=\"application\/ld+json\" class=\"yoast-schema-graph\">{\"@context\":\"https:\/\/schema.org\",\"@graph\":[{\"@type\":\"WebPage\",\"@id\":\"https:\/\/desplazamientos-francia.com\/it\/politica-di-cookies\/\",\"url\":\"https:\/\/desplazamientos-francia.com\/it\/politica-di-cookies\/\",\"name\":\"Politica di Cookies - Distacco temporaneo di lavoratori in Francia\",\"isPartOf\":{\"@id\":\"https:\/\/desplazamientos-francia.com\/it\/#website\"},\"datePublished\":\"2019-01-23T12:13:22+00:00\",\"dateModified\":\"2020-03-31T08:06:55+00:00\",\"breadcrumb\":{\"@id\":\"https:\/\/desplazamientos-francia.com\/it\/politica-di-cookies\/#breadcrumb\"},\"inLanguage\":\"it-IT\",\"potentialAction\":[{\"@type\":\"ReadAction\",\"target\":[\"https:\/\/desplazamientos-francia.com\/it\/politica-di-cookies\/\"]}]},{\"@type\":\"BreadcrumbList\",\"@id\":\"https:\/\/desplazamientos-francia.com\/it\/politica-di-cookies\/#breadcrumb\",\"itemListElement\":[{\"@type\":\"ListItem\",\"position\":1,\"name\":\"Portada\",\"item\":\"https:\/\/desplazamientos-francia.com\/it\/\"},{\"@type\":\"ListItem\",\"position\":2,\"name\":\"Politica di Cookies\"}]},{\"@type\":\"WebSite\",\"@id\":\"https:\/\/desplazamientos-francia.com\/it\/#website\",\"url\":\"https:\/\/desplazamientos-francia.com\/it\/\",\"name\":\"Desplazamiento temporal de trabajadores a Francia\",\"description\":\"\",\"publisher\":{\"@id\":\"https:\/\/desplazamientos-francia.com\/it\/#organization\"},\"potentialAction\":[{\"@type\":\"SearchAction\",\"target\":{\"@type\":\"EntryPoint\",\"urlTemplate\":\"https:\/\/desplazamientos-francia.com\/it\/?s={search_term_string}\"},\"query-input\":\"required name=search_term_string\"}],\"inLanguage\":\"it-IT\"},{\"@type\":\"Organization\",\"@id\":\"https:\/\/desplazamientos-francia.com\/it\/#organization\",\"name\":\"Pretium Gesti\u00f3n\",\"url\":\"https:\/\/desplazamientos-francia.com\/it\/\",\"logo\":{\"@type\":\"ImageObject\",\"inLanguage\":\"it-IT\",\"@id\":\"https:\/\/desplazamientos-francia.com\/it\/#\/schema\/logo\/image\/\",\"url\":\"https:\/\/i1.wp.com\/desplazamientos-francia.com\/it\/wp-content\/uploads\/2019\/01\/pretium-gestion-logo-200px.png?fit=200%2C73&ssl=1\",\"contentUrl\":\"https:\/\/i1.wp.com\/desplazamientos-francia.com\/it\/wp-content\/uploads\/2019\/01\/pretium-gestion-logo-200px.png?fit=200%2C73&ssl=1\",\"width\":200,\"height\":73,\"caption\":\"Pretium Gesti\u00f3n\"},\"image\":{\"@id\":\"https:\/\/desplazamientos-francia.com\/it\/#\/schema\/logo\/image\/\"},\"sameAs\":[\"https:\/\/www.facebook.com\/pretiumgestion\",\"https:\/\/x.com\/PretiumGestion\",\"https:\/\/www.instagram.com\/pretiumgestion\/\",\"https:\/\/www.linkedin.com\/company\/pretium-gestion\"]}]}<\/script>\n<!-- \/ Yoast SEO plugin. -->","yoast_head_json":{"title":"Politica di Cookies - Distacco temporaneo di lavoratori in Francia","robots":{"index":"index","follow":"follow","max-snippet":"max-snippet:-1","max-image-preview":"max-image-preview:large","max-video-preview":"max-video-preview:-1"},"canonical":"https:\/\/desplazamientos-francia.com\/it\/politica-di-cookies\/","og_locale":"it_IT","og_type":"article","og_title":"Politica di Cookies - Distacco temporaneo di lavoratori in Francia","og_description":"Politica di cookies I cookies e altre tecnologie di tracciamento, tra le altre finalit\u00e0, ci consentono di ricordare le sue preferenze e riconoscersi nelle visite successive. Ci\u00f2 si ottiene memorizzando alcune informazioni sul computer. Che cos&#8217;\u00e8 un cookie? Un cookie \u00e8 un dispositivo che viene scaricato sull&#8217;apparecchiatura","og_url":"https:\/\/desplazamientos-francia.com\/it\/politica-di-cookies\/","og_site_name":"Distacco temporaneo di lavoratori in Francia","article_publisher":"https:\/\/www.facebook.com\/pretiumgestion","article_modified_time":"2020-03-31T08:06:55+00:00","og_image":[{"width":150,"height":55,"url":"https:\/\/i0.wp.com\/desplazamientos-francia.com\/it\/wp-content\/uploads\/2019\/01\/pretium-gestion-logo-150px.png?fit=150%2C55&ssl=1","type":"image\/png"}],"twitter_card":"summary_large_image","twitter_site":"@PretiumGestion","twitter_misc":{"Tempo di lettura stimato":"8 minuti"},"schema":{"@context":"https:\/\/schema.org","@graph":[{"@type":"WebPage","@id":"https:\/\/desplazamientos-francia.com\/it\/politica-di-cookies\/","url":"https:\/\/desplazamientos-francia.com\/it\/politica-di-cookies\/","name":"Politica di Cookies - Distacco temporaneo di lavoratori in Francia","isPartOf":{"@id":"https:\/\/desplazamientos-francia.com\/it\/#website"},"datePublished":"2019-01-23T12:13:22+00:00","dateModified":"2020-03-31T08:06:55+00:00","breadcrumb":{"@id":"https:\/\/desplazamientos-francia.com\/it\/politica-di-cookies\/#breadcrumb"},"inLanguage":"it-IT","potentialAction":[{"@type":"ReadAction","target":["https:\/\/desplazamientos-francia.com\/it\/politica-di-cookies\/"]}]},{"@type":"BreadcrumbList","@id":"https:\/\/desplazamientos-francia.com\/it\/politica-di-cookies\/#breadcrumb","itemListElement":[{"@type":"ListItem","position":1,"name":"Portada","item":"https:\/\/desplazamientos-francia.com\/it\/"},{"@type":"ListItem","position":2,"name":"Politica di Cookies"}]},{"@type":"WebSite","@id":"https:\/\/desplazamientos-francia.com\/it\/#website","url":"https:\/\/desplazamientos-francia.com\/it\/","name":"Desplazamiento temporal de trabajadores a Francia","description":"","publisher":{"@id":"https:\/\/desplazamientos-francia.com\/it\/#organization"},"potentialAction":[{"@type":"SearchAction","target":{"@type":"EntryPoint","urlTemplate":"https:\/\/desplazamientos-francia.com\/it\/?s={search_term_string}"},"query-input":"required name=search_term_string"}],"inLanguage":"it-IT"},{"@type":"Organization","@id":"https:\/\/desplazamientos-francia.com\/it\/#organization","name":"Pretium Gesti\u00f3n","url":"https:\/\/desplazamientos-francia.com\/it\/","logo":{"@type":"ImageObject","inLanguage":"it-IT","@id":"https:\/\/desplazamientos-francia.com\/it\/#\/schema\/logo\/image\/","url":"https:\/\/i1.wp.com\/desplazamientos-francia.com\/it\/wp-content\/uploads\/2019\/01\/pretium-gestion-logo-200px.png?fit=200%2C73&ssl=1","contentUrl":"https:\/\/i1.wp.com\/desplazamientos-francia.com\/it\/wp-content\/uploads\/2019\/01\/pretium-gestion-logo-200px.png?fit=200%2C73&ssl=1","width":200,"height":73,"caption":"Pretium Gesti\u00f3n"},"image":{"@id":"https:\/\/desplazamientos-francia.com\/it\/#\/schema\/logo\/image\/"},"sameAs":["https:\/\/www.facebook.com\/pretiumgestion","https:\/\/x.com\/PretiumGestion","https:\/\/www.instagram.com\/pretiumgestion\/","https:\/\/www.linkedin.com\/company\/pretium-gestion"]}]}},"jetpack_sharing_enabled":true,"jetpack_shortlink":"https:\/\/wp.me\/PbNi1e-1uS","jetpack_likes_enabled":false,"jetpack-related-posts":[],"_links":{"self":[{"href":"https:\/\/desplazamientos-francia.com\/it\/wp-json\/wp\/v2\/pages\/5758"}],"collection":[{"href":"https:\/\/desplazamientos-francia.com\/it\/wp-json\/wp\/v2\/pages"}],"about":[{"href":"https:\/\/desplazamientos-francia.com\/it\/wp-json\/wp\/v2\/types\/page"}],"author":[{"embeddable":true,"href":"https:\/\/desplazamientos-francia.com\/it\/wp-json\/wp\/v2\/users\/2"}],"replies":[{"embeddable":true,"href":"https:\/\/desplazamientos-francia.com\/it\/wp-json\/wp\/v2\/comments?post=5758"}],"version-history":[{"count":5,"href":"https:\/\/desplazamientos-francia.com\/it\/wp-json\/wp\/v2\/pages\/5758\/revisions"}],"predecessor-version":[{"id":6406,"href":"https:\/\/desplazamientos-francia.com\/it\/wp-json\/wp\/v2\/pages\/5758\/revisions\/6406"}],"wp:attachment":[{"href":"https:\/\/desplazamientos-francia.com\/it\/wp-json\/wp\/v2\/media?parent=5758"}],"curies":[{"name":"wp","href":"https:\/\/api.w.org\/{rel}","templated":true}]}}